{"id":29178,"date":"2026-01-28T23:17:43","date_gmt":"2026-01-28T19:17:43","guid":{"rendered":"https:\/\/ge.masterplusglobal.com\/?post_type=product&#038;p=29178"},"modified":"2026-02-28T20:30:15","modified_gmt":"2026-02-28T19:30:15","slug":"bioceramiczny-pas-termiczny-olymp","status":"publish","type":"product","link":"https:\/\/pl.masterplusglobal.com\/pl\/product\/bioceramiczny-pas-termiczny-olymp\/","title":{"rendered":"Olymp \u2013 Bioceramiczny pas termiczny"},"content":{"rendered":"<div class=\"translation-block\">\n<h2><b>Efektywno\u015b\u0107, komfort i jako\u015b\u0107 \u017cycia<\/b><\/h2>\n<p>Pas Olymp to nie tylko akcesorium wspieraj\u0105ce; to zaawansowany technologicznie produkt zaprojektowany, aby s\u0142u\u017cy\u0107 Ci przez lata. Oferuje on naturalne podej\u015bcie do codziennego dobrego samopoczucia, pracuj\u0105c nieprzerwanie, aby wspiera\u0107 komfort i relaksacj\u0119 Twojego cia\u0142a.<\/p>\n<h4>Moc 70 dysk\u00f3w bioceramicznych<\/h4>\n<p>Rdze\u0144 pasa Olymp sk\u0142ada si\u0119 z <b>70 koralik\u00f3w<\/b> wykonanych z silnej mieszanki Turmalinu, Germanu, Ska\u0142 Wulkanicznych i Elvanu (cz\u0119sto nazywanego w Korei \u201eBia\u0142ym Z\u0142otem\u201d). Te komponenty aktywnie wp\u0142ywaj\u0105 na organizm:<\/p>\n<ol start=\"1\">\n<li><b>Generuj\u0105 ciep\u0142o podczerwone:<\/b> Przenika ono g\u0142\u0119boko do tkanek, aby delikatnie rozgrzewa\u0107 mi\u0119\u015bnie od wewn\u0105trz.<\/li>\n<li><b>Wytwarzaj\u0105 pole magnetyczne:<\/b> Wspiera ono naturalny przep\u0142yw energii i r\u00f3wnowag\u0119 organizmu.<\/li>\n<li><b>Uwalniaj\u0105 jony ujemne:<\/b> Pomagaj\u0105 one redukowa\u0107 stres i poprawiaj\u0105 og\u00f3lne dobre samopoczucie.<\/li>\n<\/ol>\n<h4>Wzbogacony nanosrebrem<\/h4>\n<p>Unikaln\u0105 cech\u0105 pasa Olymp jest dodatek <b>cz\u0105steczek nanosrebra<\/b>. Srebro jest historycznie znane ze swoich w\u0142a\u015bciwo\u015bci higienicznych. W tym pasie zapewnia ono dodatkow\u0105 warstw\u0119 ochrony, dbaj\u0105c o czysto\u015b\u0107 i bezpiecze\u0144stwo produktu podczas codziennego stosowania na sk\u00f3r\u0119.<\/p>\n<h4>Dzia\u0142a wsz\u0119dzie tam, gdzie Ty<\/h4>\n<p>Pas Olymp daje Ci ca\u0142kowit\u0105 swobod\u0119. Nie wymaga <b>baterii, gniazdek ani przewod\u00f3w<\/b>. Zaczyna dzia\u0142a\u0107 w momencie kontaktu z Twoim cia\u0142em, wykorzystuj\u0105c Twoje w\u0142asne ciep\u0142o jako paliwo.<\/p>\n<ul>\n<li><b>Bezpieczna konstrukcja:<\/b> Ze wzgl\u0119du na brak elektrycznych element\u00f3w grzewczych, nie ma ryzyka oparze\u0144 ani zwar\u0107, co czyni produkt bezpiecznym do d\u0142ugotrwa\u0142ego stosowania.<\/li>\n<\/ul>\n<h4>Kompleksowe wsparcie<\/h4>\n<p>Polecany ka\u017cdemu, kto szuka codziennego komfortu i relaksu, pas Olymp pomaga:<\/p>\n<ul>\n<li><b>\u0141agodzi\u0107 dyskomfort:<\/b> Skutecznie pomaga radzi\u0107 sobie z napi\u0119ciem w dolnej cz\u0119\u015bci plec\u00f3w i w stawach.<\/li>\n<li><b>Wspiera\u0107 miejscowe kr\u0105\u017cenie:<\/b> Poprawia przep\u0142yw krwi w miejscu aplikacji poprzez \u0142agodne rozgrzewanie.<\/li>\n<li><b>Rozlu\u017ania\u0107 mi\u0119\u015bnie:<\/b> G\u0142\u0119bokie ciep\u0142o pomaga rozlu\u017ani\u0107 spi\u0119te mi\u0119\u015bnie i zredukowa\u0107 uczucie sztywno\u015bci.<\/li>\n<li><b>Wspiera\u0107 witalno\u015b\u0107:<\/b> Regularne rozgrzewanie centralnej cz\u0119\u015bci cia\u0142a wspiera og\u00f3lne dobre samopoczucie i poziom energii.<\/li>\n<\/ul>\n<p>Jeden pas Olymp s\u0142u\u017cy przez lata bez utraty swojej skuteczno\u015bci, co czyni go warto\u015bciowym dodatkiem do Twojej rutyny dbania o dobre samopoczucie.<\/p>\n<p><em>Produkty te nie s\u0105 przeznaczone do diagnozowania, leczenia ani zapobiegania jakimkolwiek chorobom. Wyniki mog\u0105 si\u0119 r\u00f3\u017cni\u0107. Przed u\u017cyciem skonsultuj si\u0119 z lekarzem.<\/em><\/p>\n<\/div>","protected":false},"excerpt":{"rendered":"<div class=\"translation-block\">\n<p><b>Pas Olymp<\/b> to inteligentna inwestycja w Twoje codzienne dobre samopoczucie, zaprojektowana, aby s\u0142u\u017cy\u0107 jako osobiste domowe wsparcie dla Twojego komfortu. Kompaktowy, a zarazem wszechstronny, posiada <b>70 dysk\u00f3w bioceramicznych<\/b> wzbogaconych o <b>cz\u0105steczki nanosrebra<\/b>. Aktywowany wy\u0142\u0105cznie pod wp\u0142ywem temperatury Twojego cia\u0142a, generuje g\u0142\u0119bokie ciep\u0142o podczerwone, aby \u0142agodzi\u0107 napi\u0119cie l\u0119d\u017awiowe, sprzyja\u0107 og\u00f3lnemu komfortowi i redukowa\u0107 zm\u0119czenie bez konieczno\u015bci u\u017cycia baterii czy kabli.<\/p>\n<ul>\n<li><b>Elementy aktywne:<\/b> 70 dysk\u00f3w bioceramicznych z turmalinem i nanosrebrem.<\/li>\n<li><b>\u0179r\u00f3d\u0142o energii:<\/b> Ciep\u0142o cia\u0142a (nie wymaga energii elektrycznej).<\/li>\n<li><b>Kluczowa korzy\u015b\u0107:<\/b> G\u0142\u0119bokie rozgrzewanie mi\u0119\u015bni, higiena i wsparcie relaksacji.<\/li>\n<\/ul>\n<\/div>","protected":false},"featured_media":29374,"comment_status":"open","ping_status":"closed","template":"","meta":[],"product_brand":[78],"product_cat":[79],"product_tag":[128,84,123,129,130,99],"class_list":{"0":"post-29178","1":"product","2":"type-product","3":"status-publish","4":"has-post-thumbnail","6":"product_brand-masterplus-brand","7":"product_cat-bioceramic-belts-applicators","8":"product_tag-back-care","9":"product_tag-bioceramics","10":"product_tag-muscle-relaxation","11":"product_tag-nano-silver","12":"product_tag-portable-wellness","13":"product_tag-thermal-belt","15":"first","16":"instock","17":"taxable","18":"shipping-taxable","19":"purchasable","20":"product-type-simple"},"_links":{"self":[{"href":"https:\/\/pl.masterplusglobal.com\/pl\/wp-json\/wp\/v2\/product\/29178","targetHints":{"allow":["GET"]}}],"collection":[{"href":"https:\/\/pl.masterplusglobal.com\/pl\/wp-json\/wp\/v2\/product"}],"about":[{"href":"https:\/\/pl.masterplusglobal.com\/pl\/wp-json\/wp\/v2\/types\/product"}],"replies":[{"embeddable":true,"href":"https:\/\/pl.masterplusglobal.com\/pl\/wp-json\/wp\/v2\/comments?post=29178"}],"version-history":[{"count":1,"href":"https:\/\/pl.masterplusglobal.com\/pl\/wp-json\/wp\/v2\/product\/29178\/revisions"}],"predecessor-version":[{"id":29549,"href":"https:\/\/pl.masterplusglobal.com\/pl\/wp-json\/wp\/v2\/product\/29178\/revisions\/29549"}],"wp:featuredmedia":[{"embeddable":true,"href":"https:\/\/pl.masterplusglobal.com\/pl\/wp-json\/wp\/v2\/media\/29374"}],"wp:attachment":[{"href":"https:\/\/pl.masterplusglobal.com\/pl\/wp-json\/wp\/v2\/media?parent=29178"}],"wp:term":[{"taxonomy":"product_brand","embeddable":true,"href":"https:\/\/pl.masterplusglobal.com\/pl\/wp-json\/wp\/v2\/product_brand?post=29178"},{"taxonomy":"product_cat","embeddable":true,"href":"https:\/\/pl.masterplusglobal.com\/pl\/wp-json\/wp\/v2\/product_cat?post=29178"},{"taxonomy":"product_tag","embeddable":true,"href":"https:\/\/pl.masterplusglobal.com\/pl\/wp-json\/wp\/v2\/product_tag?post=29178"}],"curies":[{"name":"wp","href":"https:\/\/api.w.org\/{rel}","templated":true}]}}