{"id":29176,"date":"2026-01-28T23:10:26","date_gmt":"2026-01-28T19:10:26","guid":{"rendered":"https:\/\/ge.masterplusglobal.com\/?post_type=product&#038;p=29176"},"modified":"2026-02-28T20:30:20","modified_gmt":"2026-02-28T19:30:20","slug":"poduszka-365","status":"publish","type":"product","link":"https:\/\/pl.masterplusglobal.com\/pl\/product\/poduszka-365\/","title":{"rendered":"Bioceramiczna poduszka ergonomiczna \u201e365\u201d"},"content":{"rendered":"<div class=\"translation-block\">\n<h2><b>Prawid\u0142owa postawa podczas snu<\/b><\/h2>\n<p>Sp\u0119dzamy jedn\u0105 trzeci\u0105 \u017cycia \u015bpi\u0105c, a mimo to zwyk\u0142e poduszki cz\u0119sto nie zapewniaj\u0105 w\u0142a\u015bciwego wsparcia szyi, co prowadzi do porannej sztywno\u015bci i dyskomfortu. <b>Poduszka 365<\/b> zosta\u0142a zaprojektowana, aby zmieni\u0107 Tw\u00f3j sen w regeneruj\u0105ce do\u015bwiadczenie dla kr\u0119gos\u0142upa.<\/p>\n<h4>Ergonomiczna konstrukcja dla wsparcia odcinka szyjnego<\/h4>\n<p>Poduszka charakteryzuje si\u0119 unikalnym p\u00f3\u0142cylindrycznym kszta\u0142tem \u2014 p\u0142askim od spodu i wypuk\u0142ym na g\u00f3rze.<\/p>\n<ul>\n<li><b>Naturalne dopasowanie:<\/b> Wypuk\u0142a g\u00f3rna cz\u0119\u015b\u0107 idealnie pod\u0105\u017ca za fizjologiczn\u0105 krzywizn\u0105 szyi.<\/li>\n<li><b>Wsparcie ergonomiczne:<\/b> Umieszczenie szyi na poduszce pozwala uzyska\u0107 efekt \u0142agodnego rozci\u0105gania. To pasywne wsparcie pomaga zmniejszy\u0107 napi\u0119cie w okolicy szyi i zachowa\u0107 naturaln\u0105 krzywizn\u0119 kr\u0119gos\u0142upa przez ca\u0142\u0105 noc.<\/li>\n<\/ul>\n<h4>Moc bioceramiki<\/h4>\n<p>Powierzchnia poduszki jest pokryta <b>bioceramicznymi heksagonami<\/b>. W kontakcie ze sk\u00f3r\u0105 elementy te emituj\u0105 g\u0142\u0119bokie ciep\u0142o podczerwone, kt\u00f3re:<\/p>\n<ol start=\"1\">\n<li><b>Uwalnia napi\u0119cie:<\/b> G\u0142\u0119boko rozlu\u017ania mi\u0119\u015bnie szyi, niweluj\u0105c sztywno\u015b\u0107 nagromadzon\u0105 w ci\u0105gu dnia.<\/li>\n<li><b>Wspiera kr\u0105\u017cenie:<\/b> Sprzyja miejscowemu przep\u0142ywowi krwi w okolicy szyi, co jest kluczowe, aby budzi\u0107 si\u0119 z poczuciem od\u015bwie\u017cenia i jasno\u015bci umys\u0142u.<\/li>\n<\/ol>\n<h4>Dla kogo jest poduszka 365?<\/h4>\n<p>U\u017cywanie tej poduszki co noc pomaga stworzy\u0107 idealne warunki do odpoczynku. Jest ona szczeg\u00f3lnie polecana w przypadku:<\/p>\n<ul>\n<li><b>Dyskomfortu szyi:<\/b> Dla os\u00f3b do\u015bwiadczaj\u0105cych sztywno\u015bci lub napi\u0119cia w odcinku szyjnym (np. wynikaj\u0105cego z cz\u0119stego korzystania z urz\u0105dze\u0144 cyfrowych).<\/li>\n<li><b>Komfortu snu:<\/b> Dla os\u00f3b, kt\u00f3re maj\u0105 trudno\u015bci ze znalezieniem wygodnej pozycji do spania lub cierpi\u0105 na niespokojny sen.<\/li>\n<li><b>Porannej witalno\u015bci:<\/b> Dla ka\u017cdego, kto chce wspiera\u0107 swoje og\u00f3lne dobre samopoczucie i budzi\u0107 si\u0119 bez uczucia ci\u0119\u017cko\u015bci.<\/li>\n<\/ul>\n<p>Zmie\u0144 swoj\u0105 higien\u0119 snu i zadbaj o swoj\u0105 szyj\u0119 ka\u017cdej nocy z poduszk\u0105 365.<\/p>\n<p><em>Produkty te nie s\u0105 przeznaczone do diagnozowania, leczenia ani zapobiegania jakimkolwiek chorobom. Wyniki mog\u0105 si\u0119 r\u00f3\u017cni\u0107. Przed u\u017cyciem skonsultuj si\u0119 z lekarzem.<\/em><\/p>\n<\/div>","protected":false},"excerpt":{"rendered":"<div class=\"translation-block\">\n<p><b>Poduszka 365<\/b> to specjalistyczne akcesorium do spania o p\u00f3\u0142cylindrycznym kszta\u0142cie, zaprojektowane, aby wspiera\u0107 naturaln\u0105 krzywizn\u0119 odcinka szyjnego kr\u0119gos\u0142upa. Pokryta sze\u015bciok\u0105tnymi <b>elementami bioceramicznymi<\/b>, zapewnia \u0142agodne wsparcie ergonomiczne podczas odpoczynku, pomagaj\u0105c uwalnia\u0107 g\u0142\u0119bokie napi\u0119cie szyi i zachowa\u0107 prawid\u0142owe u\u0142o\u017cenie cia\u0142a. To idealne rozwi\u0105zanie dla os\u00f3b pragn\u0105cych budzi\u0107 si\u0119 bez uczucia sztywno\u015bci karku.<\/p>\n<ul>\n<li><b>Kszta\u0142t:<\/b> P\u00f3\u0142cylindryczny dla idealnego wsparcia szyi.<\/li>\n<li><b>Materia\u0142:<\/b> Wysokiej jako\u015bci bioceramika.<\/li>\n<li><b>Dzia\u0142anie:<\/b> \u0141agodne wsparcie odcinka szyjnego i rozlu\u017anienie mi\u0119\u015bni.<\/li>\n<li><b>Rezultat:<\/b> Poprawa komfortu szyi i spokojny sen.<\/li>\n<\/ul>\n<\/div>","protected":false},"featured_media":29399,"comment_status":"open","ping_status":"closed","template":"","meta":[],"product_brand":[78],"product_cat":[80],"product_tag":[84,126,91,124,127],"class_list":{"0":"post-29176","1":"product","2":"type-product","3":"status-publish","4":"has-post-thumbnail","6":"product_brand-masterplus-brand","7":"product_cat-bioceramic-mats-sleep","8":"product_tag-bioceramics","9":"product_tag-cervical-health","10":"product_tag-deep-sleep","11":"product_tag-ergonomic-pillow","12":"product_tag-neck-tension-relief","14":"first","15":"instock","16":"taxable","17":"shipping-taxable","18":"purchasable","19":"product-type-simple"},"_links":{"self":[{"href":"https:\/\/pl.masterplusglobal.com\/pl\/wp-json\/wp\/v2\/product\/29176","targetHints":{"allow":["GET"]}}],"collection":[{"href":"https:\/\/pl.masterplusglobal.com\/pl\/wp-json\/wp\/v2\/product"}],"about":[{"href":"https:\/\/pl.masterplusglobal.com\/pl\/wp-json\/wp\/v2\/types\/product"}],"replies":[{"embeddable":true,"href":"https:\/\/pl.masterplusglobal.com\/pl\/wp-json\/wp\/v2\/comments?post=29176"}],"version-history":[{"count":1,"href":"https:\/\/pl.masterplusglobal.com\/pl\/wp-json\/wp\/v2\/product\/29176\/revisions"}],"predecessor-version":[{"id":29551,"href":"https:\/\/pl.masterplusglobal.com\/pl\/wp-json\/wp\/v2\/product\/29176\/revisions\/29551"}],"wp:featuredmedia":[{"embeddable":true,"href":"https:\/\/pl.masterplusglobal.com\/pl\/wp-json\/wp\/v2\/media\/29399"}],"wp:attachment":[{"href":"https:\/\/pl.masterplusglobal.com\/pl\/wp-json\/wp\/v2\/media?parent=29176"}],"wp:term":[{"taxonomy":"product_brand","embeddable":true,"href":"https:\/\/pl.masterplusglobal.com\/pl\/wp-json\/wp\/v2\/product_brand?post=29176"},{"taxonomy":"product_cat","embeddable":true,"href":"https:\/\/pl.masterplusglobal.com\/pl\/wp-json\/wp\/v2\/product_cat?post=29176"},{"taxonomy":"product_tag","embeddable":true,"href":"https:\/\/pl.masterplusglobal.com\/pl\/wp-json\/wp\/v2\/product_tag?post=29176"}],"curies":[{"name":"wp","href":"https:\/\/api.w.org\/{rel}","templated":true}]}}