{"id":29150,"date":"2026-01-28T21:53:22","date_gmt":"2026-01-28T17:53:22","guid":{"rendered":"https:\/\/ge.masterplusglobal.com\/?post_type=product&#038;p=29150"},"modified":"2026-02-28T20:31:31","modified_gmt":"2026-02-28T19:31:31","slug":"masterplus","status":"publish","type":"product","link":"https:\/\/pl.masterplusglobal.com\/pl\/product\/masterplus\/","title":{"rendered":"MasterPlus \u2013 Urz\u0105dzenie do termicznego odci\u0105\u017cenia i wsparcia kr\u0119gos\u0142upa"},"content":{"rendered":"<div class=\"translation-block\">\n<h2><b>Odkryj na nowo komfort i relaks z MasterPlus<\/b><\/h2>\n<p>Sztywno\u015b\u0107 i zm\u0119czenie plec\u00f3w s\u0105 cz\u0119sto spowodowane uporczywym napi\u0119ciem mi\u0119\u015bniowym, kt\u00f3re gromadzi si\u0119 w ci\u0105gu dnia. MasterPlus to nie tylko masa\u017cer; to kompleksowy system wsparcia kr\u0119gos\u0142upa opracowany przez korea\u0144skich in\u017cynier\u00f3w, aby pomaga\u0107 w radzeniu sobie z codziennym dyskomfortem plec\u00f3w.<\/p>\n<h4>Jak to dzia\u0142a: 3-poziomowy system wsparcia<\/h4>\n<p>MasterPlus \u0142\u0105czy ergonomiczny kszta\u0142t z w\u0142a\u015bciwo\u015bciami rzadkich minera\u0142\u00f3w sprzyjaj\u0105cymi dobremu samopoczuciu, aby zapewni\u0107 efekt odpr\u0119\u017cenia:<\/p>\n<ol start=\"1\">\n<li><b>\u0141agodne rozci\u0105ganie:<\/b> Specjalnie zaprojektowane ceramiczne kopu\u0142y urz\u0105dzenia delikatnie rozci\u0105gaj\u0105 plecy, wykorzystuj\u0105c mas\u0119 w\u0142asn\u0105 cia\u0142a. Ta naturalna pozycja pomaga zwi\u0119kszy\u0107 komfort i pozwala mi\u0119\u015bniom plec\u00f3w na g\u0142\u0119boki relaks.<\/li>\n<li><b>G\u0142\u0119bokie ciep\u0142o podczerwone:<\/b> Podgrzewane w zakresie od 40\u00b0C do 70\u00b0C projektory ze Srebrnej Bioceramiki emituj\u0105 d\u0142ugofalowe ciep\u0142o podczerwone. Ciep\u0142o to pomaga poprawi\u0107 miejscowe kr\u0105\u017cenie i \u0142agodzi g\u0142\u0119bokie napi\u0119cie mi\u0119\u015bniowe.<\/li>\n<li><b>Jony ujemne:<\/b> Podczas nagrzewania urz\u0105dzenie uwalnia jony ujemne (aniony), kt\u00f3re s\u0105 cz\u0119sto kojarzone z uczuciem \u015bwie\u017co\u015bci i og\u00f3lnym dobrym samopoczuciem.<\/li>\n<\/ol>\n<h4>Dlaczego warto wybra\u0107 MasterPlus?<\/h4>\n<ul>\n<li><b>Bezpiecze\u0144stwo przede wszystkim:<\/b> W przeciwie\u0144stwie do mechanicznych sto\u0142\u00f3w trakcyjnych, MasterPlus opiera si\u0119 na naturalnej wadze cia\u0142a, zapewniaj\u0105c kontrolowane i komfortowe do\u015bwiadczenie.<\/li>\n<li><b>Skuteczne odpr\u0119\u017cenie:<\/b> Wielu u\u017cytkownik\u00f3w zg\u0142asza znaczn\u0105 ulg\u0119 w sztywno\u015bci i popraw\u0119 jako\u015bci snu po regularnych sesjach. Pomaga to radzi\u0107 sobie z dyskomfortem zwi\u0105zanym z napi\u0119ciem plec\u00f3w.<\/li>\n<li><b>Wygoda:<\/b> Zaledwie 30 minut dziennie w domu pozwala na skuteczne utrzymanie rutyny dbania o dobre samopoczucie.<\/li>\n<\/ul>\n<h4>Uniwersalne domowe urz\u0105dzenie do dbania o dobre samopoczucie<\/h4>\n<p>Dzi\u0119ki unikalnej konstrukcji MasterPlus jest wszechstronny i mo\u017ce by\u0107 stosowany na r\u00f3\u017cne partie cia\u0142a:<\/p>\n<ul>\n<li><b>Brzuch:<\/b> Ogrzewanie okolic brzucha zapewnia koj\u0105ce ciep\u0142o.<\/li>\n<li><b>Stawy (kolana i \u0142okcie):<\/b> G\u0142\u0119bokie ciep\u0142o pomaga zmniejszy\u0107 dyskomfort w obr\u0119bie staw\u00f3w.<\/li>\n<li><b>Stopy i d\u0142onie:<\/b> Stymulacja punkt\u00f3w akupresury wspiera relaksacj\u0119 (Refleksologia).<\/li>\n<li><b>Klatka piersiowa:<\/b> Umieszczenie urz\u0105dzenia w okolicy klatki piersiowej zapewnia rozgrzewaj\u0105cy komfort.<\/li>\n<\/ul>\n<h4>Specyfikacja techniczna<\/h4>\n<ul>\n<li><b>Pochodzenie:<\/b> Wyprodukowano w Korei Po\u0142udniowej.<\/li>\n<li><b>Konstrukcja:<\/b> 9 projektor\u00f3w ze Srebrnej Bioceramiki (8 wypuk\u0142ych, 1 zag\u0142\u0119biony dla precyzji).<\/li>\n<li><b>Zakres temperatury:<\/b> Regulacja od 40\u00b0C do 70\u00b0C.<\/li>\n<li><b>Zalecane u\u017cycie:<\/b> 4 minuty na ka\u017cdy odcinek kr\u0119gos\u0142upa dziennie.<\/li>\n<\/ul>\n<p><em>Produkty te nie s\u0105 przeznaczone do diagnozowania, leczenia ani zapobiegania jakimkolwiek chorobom. Wyniki mog\u0105 si\u0119 r\u00f3\u017cni\u0107. Przed u\u017cyciem skonsultuj si\u0119 z lekarzem.<\/em><\/p>\n<\/div>","protected":false},"excerpt":{"rendered":"<div class=\"translation-block\">\n<strong>MasterPlus<\/strong> to innowacyjne urz\u0105dzenie z Korei Po\u0142udniowej, zaprojektowane do bezpiecznego rozlu\u017aniania mi\u0119\u015bni i \u0142agodnego rozci\u0105gania plec\u00f3w w warunkach domowych. Wykorzystuj\u0105c unikalny stop <b>Srebrnej Bioceramiki<\/b> oraz <b>ciep\u0142o podczerwone<\/b>, wykorzystuje mas\u0119 w\u0142asn\u0105 cia\u0142a, aby \u0142agodzi\u0107 napi\u0119cie mi\u0119\u015bniowe i promowa\u0107 uczucie komfortu oraz dobrego samopoczucia.<\/p>\n<ul>\n<li><b>Technologia:<\/b> \u0141agodne rozci\u0105ganie i g\u0142\u0119bokie ciep\u0142o podczerwone.<\/li>\n<li><b>Materia\u0142:<\/b> Srebrna Bioceramika (Turmalin, German, Elvan).<\/li>\n<li><b>Kluczowe korzy\u015bci:<\/b> Pomaga w radzeniu sobie z dyskomfortem plec\u00f3w, wspiera prawid\u0142ow\u0105 postaw\u0119, sprzyja miejscowemu kr\u0105\u017ceniu.<\/li>\n<li><b>Bezpiecze\u0144stwo:<\/b> Bezinwazyjna metoda odpowiednia dla ca\u0142ej rodziny.<\/li>\n<\/ul>\n<\/div>","protected":false},"featured_media":29236,"comment_status":"open","ping_status":"closed","template":"","meta":[],"product_brand":[78],"product_cat":[81],"product_tag":[82,84,85,87,86],"class_list":{"0":"post-29150","1":"product","2":"type-product","3":"status-publish","4":"has-post-thumbnail","6":"product_brand-masterplus-brand","7":"product_cat-wellness-devices","8":"product_tag-back-tension-relief","9":"product_tag-bioceramics","10":"product_tag-infrared-heat","11":"product_tag-massage-device","12":"product_tag-spine-health","14":"first","15":"instock","16":"featured","17":"taxable","18":"shipping-taxable","19":"purchasable","20":"product-type-simple"},"_links":{"self":[{"href":"https:\/\/pl.masterplusglobal.com\/pl\/wp-json\/wp\/v2\/product\/29150","targetHints":{"allow":["GET"]}}],"collection":[{"href":"https:\/\/pl.masterplusglobal.com\/pl\/wp-json\/wp\/v2\/product"}],"about":[{"href":"https:\/\/pl.masterplusglobal.com\/pl\/wp-json\/wp\/v2\/types\/product"}],"replies":[{"embeddable":true,"href":"https:\/\/pl.masterplusglobal.com\/pl\/wp-json\/wp\/v2\/comments?post=29150"}],"version-history":[{"count":1,"href":"https:\/\/pl.masterplusglobal.com\/pl\/wp-json\/wp\/v2\/product\/29150\/revisions"}],"predecessor-version":[{"id":29544,"href":"https:\/\/pl.masterplusglobal.com\/pl\/wp-json\/wp\/v2\/product\/29150\/revisions\/29544"}],"wp:featuredmedia":[{"embeddable":true,"href":"https:\/\/pl.masterplusglobal.com\/pl\/wp-json\/wp\/v2\/media\/29236"}],"wp:attachment":[{"href":"https:\/\/pl.masterplusglobal.com\/pl\/wp-json\/wp\/v2\/media?parent=29150"}],"wp:term":[{"taxonomy":"product_brand","embeddable":true,"href":"https:\/\/pl.masterplusglobal.com\/pl\/wp-json\/wp\/v2\/product_brand?post=29150"},{"taxonomy":"product_cat","embeddable":true,"href":"https:\/\/pl.masterplusglobal.com\/pl\/wp-json\/wp\/v2\/product_cat?post=29150"},{"taxonomy":"product_tag","embeddable":true,"href":"https:\/\/pl.masterplusglobal.com\/pl\/wp-json\/wp\/v2\/product_tag?post=29150"}],"curies":[{"name":"wp","href":"https:\/\/api.w.org\/{rel}","templated":true}]}}