{"id":4439,"date":"2021-10-12T16:27:24","date_gmt":"2021-10-12T16:27:24","guid":{"rendered":"http:\/\/dummy.xtemos.com\/woodmart2\/elementor\/?page_id=4439"},"modified":"2026-02-20T20:38:53","modified_gmt":"2026-02-20T19:38:53","slug":"%e1%83%93%e1%83%90%e1%83%92%e1%83%95%e1%83%98%e1%83%99%e1%83%90%e1%83%95%e1%83%a8%e1%83%98%e1%83%a0%e1%83%93%e1%83%98%e1%83%97","status":"publish","type":"page","link":"https:\/\/pl.masterplusglobal.com\/ka\/%e1%83%93%e1%83%90%e1%83%92%e1%83%95%e1%83%98%e1%83%99%e1%83%90%e1%83%95%e1%83%a8%e1%83%98%e1%83%a0%e1%83%93%e1%83%98%e1%83%97\/","title":{"rendered":"\u10d3\u10d0\u10d2\u10d5\u10d8\u10d9\u10d0\u10d5\u10e8\u10d8\u10e0\u10d3\u10d8\u10d7"},"content":{"rendered":"<div data-elementor-type=\"wp-page\" data-elementor-id=\"4439\" class=\"elementor elementor-4439\">\n\t\t\t\t<div class=\"wd-negative-gap elementor-element elementor-element-ed6cee6 e-flex e-con-boxed e-con e-parent\" data-id=\"ed6cee6\" data-element_type=\"container\">\n\t\t\t\t\t<div class=\"e-con-inner\">\n\t\t\t\t\t<\/div>\n\t\t\t\t<\/div>\n\t\t<div class=\"wd-negative-gap elementor-element elementor-element-cb322d0 e-flex e-con-boxed e-con e-parent\" data-id=\"cb322d0\" data-element_type=\"container\">\n\t\t\t\t\t<div class=\"e-con-inner\">\n\t\t<div class=\"elementor-element elementor-element-1f0abe4 e-con-full e-flex e-con e-child\" data-id=\"1f0abe4\" data-element_type=\"container\">\n\t\t\t\t<div class=\"elementor-element elementor-element-071523a wd-width-100 elementor-widget elementor-widget-wd_title\" data-id=\"071523a\" data-element_type=\"widget\" data-widget_type=\"wd_title.default\">\n\t\t\t\t<div class=\"elementor-widget-container\">\n\t\t\t\t\t\t\t<div class=\"title-wrapper wd-set-mb reset-last-child wd-title-color-default wd-title-style-default wd-title-size-default text-left\">\n\n\t\t\t\n\t\t\t<div class=\"liner-continer\">\n\t\t\t\t<h4 class=\"woodmart-title-container title wd-fontsize-l\">\u10d9\u10dd\u10db\u10de\u10d0\u10dc\u10d8\u10d8\u10e1 \u10d8\u10dc\u10e4\u10dd\u10e0\u10db\u10d0\u10ea\u10d8\u10d0<\/h4> \n\t\t\t\t\t\t\t<\/div>\n\n\t\t\t\t\t<\/div>\n\t\t\t\t\t\t<\/div>\n\t\t\t\t<\/div>\n\t\t\t\t<div class=\"elementor-element elementor-element-c9df8e6 elementor-widget elementor-widget-wd_image_or_svg\" data-id=\"c9df8e6\" data-element_type=\"widget\" data-widget_type=\"wd_image_or_svg.default\">\n\t\t\t\t<div class=\"elementor-widget-container\">\n\t\t\t\t\t\n\t\t<div class=\"wd-image text-left\">\n\t\t\t\t\t\t\t\t<img decoding=\"async\" width=\"299\" height=\"52\" src=\"https:\/\/pl.masterplusglobal.com\/wp-content\/uploads\/2026\/01\/masterpluslogo.webp\" class=\"attachment-300x size-300x\" alt=\"\" srcset=\"https:\/\/pl.masterplusglobal.com\/wp-content\/uploads\/2026\/01\/masterpluslogo.webp 299w, https:\/\/pl.masterplusglobal.com\/wp-content\/uploads\/2026\/01\/masterpluslogo-150x26.webp 150w\" sizes=\"(max-width: 299px) 100vw, 299px\" \/>\t\t\t\t\t<\/div>\n\n\t\t\t\t\t\t<\/div>\n\t\t\t\t<\/div>\n\t\t\t\t<div class=\"elementor-element elementor-element-a098144 elementor-widget elementor-widget-wd_list\" data-id=\"a098144\" data-element_type=\"widget\" data-widget_type=\"wd_list.default\">\n\t\t\t\t<div class=\"elementor-widget-container\">\n\t\t\t\t\t\t\t<ul class=\"wd-list color-scheme- wd-fontsize-xs wd-type-image wd-style-default text-left\">\n\t\t\t\t\t\t\t\t\t\t\t<li class=\"elementor-repeater-item-56e58a1\">\n\t\t\t\t\t\t\t\t\t\t\t<span class=\"wd-icon\"><\/span>\t\t\t\t\t\n\t\t\t\t\t<span class=\"wd-list-content list-content\">\n\t\t\t\t\t\t\t\t\t\t\t\t\t<b>100 PLUS PL \u10e8\u10d4\u10d6\u10e6\u10e3\u10d3\u10e3\u10da\u10d8 \u10de\u10d0\u10e1\u10e3\u10ee\u10d8\u10e1\u10db\u10d2\u10d4\u10d1\u10da\u10dd\u10d1\u10d8\u10e1 \u10e1\u10d0\u10d6\u10dd\u10d2\u10d0\u10d3\u10dd\u10d4\u10d1\u10d0<\/b>\t\t\t\t\t\t\t\t\t\t\t<\/span>\n\t\t\t\t<\/li>\n\t\t\t\t\t\t\t\t\t\t\t<li class=\"elementor-repeater-item-80be36b\">\n\t\t\t\t\t\t\t\t\t\t\t<span class=\"wd-icon\"><img decoding=\"async\"  src=\"https:\/\/pl.masterplusglobal.com\/wp-content\/uploads\/2021\/08\/wd-cursor-dark.svg\" title=\"wd-cursor-\u10db\u10e3\u10e5\u10d8\" loading=\"lazy\" width=\"14\" height=\"14\"><\/span>\t\t\t\t\t\n\t\t\t\t\t<span class=\"wd-list-content list-content\">\n\t\t\t\t\t\t\t\t\t\t\t\t\t\u10d8\u10e3\u10e0\u10d8\u10d3\u10d8\u10e3\u10da\u10d8 \u10db\u10d8\u10e1\u10d0\u10db\u10d0\u10e0\u10d7\u10d8: \u10e1\u10e2\u10d0\u10dc\u10d8\u10e1\u10da\u10d0\u10d5 \u10da\u10d4\u10e8\u10e9\u10d8\u10dc\u10e1\u10d9\u10d8\u10e1 \u10e5. 4\/29, 50-078 \u10d5\u10e0\u10dd\u10ea\u10da\u10d0\u10d5\u10d8\t\t\t\t\t\t\t\t\t\t\t<\/span>\n\t\t\t\t<\/li>\n\t\t\t\t\t\t\t\t\t\t\t<li class=\"elementor-repeater-item-c8f0c87\">\n\t\t\t\t\t\t\t\t\t\t\t<span class=\"wd-icon\"><img decoding=\"async\"  src=\"https:\/\/pl.masterplusglobal.com\/wp-content\/uploads\/2026\/02\/blank.svg\" title=\"\u10ea\u10d0\u10e0\u10d8\u10d4\u10da\u10d8\u10d0\" loading=\"lazy\" width=\"14\" height=\"14\"><\/span>\t\t\t\t\t\n\t\t\t\t\t<span class=\"wd-list-content list-content\">\n\t\t\t\t\t\t\t\t\t\t\t\t\tNIP: 6282297266 | KRS: 0001123328 | REGON: 529464218\t\t\t\t\t\t\t\t\t\t\t<\/span>\n\t\t\t\t<\/li>\n\t\t\t\t\t\t\t\t\t\t\t<li class=\"elementor-repeater-item-a511145\">\n\t\t\t\t\t\t\t\t\t\t\t<span class=\"wd-icon\"><img decoding=\"async\"  src=\"https:\/\/pl.masterplusglobal.com\/wp-content\/uploads\/2021\/08\/wd-envelope-dark.svg\" title=\"wd-\u10d9\u10dd\u10dc\u10d5\u10d4\u10e0\u10e2\u10d8-\u10db\u10e3\u10e5\u10d8\" loading=\"lazy\" width=\"14\" height=\"14\"><\/span>\t\t\t\t\t\n\t\t\t\t\t<span class=\"wd-list-content list-content\">\n\t\t\t\t\t\t\t\t\t\t\t\t\t<a  href=\"mailto:support@pl.masterplusglobal.com\">\n\t\t\t\t\t\t\t\t\u10d4\u10da\u10e4\u10dd\u10e1\u10e2\u10d0: support@pl.masterplusglobal.com\t\t\t\t\t\t\t<\/a>\n\t\t\t\t\t\t\t\t\t\t\t<\/span>\n\t\t\t\t<\/li>\n\t\t\t\t\t\t\t\t\t\t\t<li class=\"elementor-repeater-item-7483e8b\">\n\t\t\t\t\t\t\t\t\t\t\t<span class=\"wd-icon\"><img decoding=\"async\"  src=\"https:\/\/pl.masterplusglobal.com\/wp-content\/uploads\/2026\/02\/phone-grey.svg\" title=\"phone-grey\" loading=\"lazy\" width=\"14\" height=\"14\"><\/span>\t\t\t\t\t\n\t\t\t\t\t<span class=\"wd-list-content list-content\">\n\t\t\t\t\t\t\t\t\t\t\t\t\tPhone: +48792174007\t\t\t\t\t\t\t\t\t\t\t<\/span>\n\t\t\t\t<\/li>\n\t\t\t\t\t<\/ul>\n\n\t\t\t\t\t\t<\/div>\n\t\t\t\t<\/div>\n\t\t\t\t<div class=\"elementor-element elementor-element-883d107 color-scheme-inherit text-left elementor-widget elementor-widget-text-editor\" data-id=\"883d107\" data-element_type=\"widget\" data-widget_type=\"text-editor.default\">\n\t\t\t\t\t\t\t\t\t<p><strong>\u10d9\u10dd\u10db\u10de\u10d0\u10dc\u10d8\u10d8\u10e1 \u10d3\u10d4\u10e2\u10d0\u10da\u10d4\u10d1\u10d8:<\/strong><\/p><ul class=\"wp-block-list\"><li style=\"list-style-type: none;\"><ul class=\"wp-block-list\"><li><strong>\u10d9\u10dd\u10db\u10de\u10d0\u10dc\u10d8\u10d8\u10e1 \u10e1\u10d0\u10ee\u10d4\u10da\u10d8:<\/strong> 100 PLUS PL \u10e8\u10d4\u10d6\u10e6\u10e3\u10d3\u10e3\u10da\u10d8 \u10de\u10d0\u10e1\u10e3\u10ee\u10d8\u10e1\u10db\u10d2\u10d4\u10d1\u10da\u10dd\u10d1\u10d8\u10e1 \u10e1\u10d0\u10d6\u10dd\u10d2\u10d0\u10d3\u10dd\u10d4\u10d1\u10d0<\/li><\/ul><\/li><\/ul><p><\/p><p><\/p><ul class=\"wp-block-list\"><li style=\"list-style-type: none;\"><ul class=\"wp-block-list\"><li><strong>KRS:<\/strong> 0001123328<\/li><\/ul><\/li><\/ul><p><\/p><p><\/p><ul class=\"wp-block-list\"><li style=\"list-style-type: none;\"><ul class=\"wp-block-list\"><li><strong>NIP (Tax ID):<\/strong> 6282297266<\/li><\/ul><\/li><\/ul><p><\/p><p><\/p><ul class=\"wp-block-list\"><li style=\"list-style-type: none;\"><ul class=\"wp-block-list\"><li><strong>REGON:<\/strong> 529464218<\/li><\/ul><\/li><\/ul><p><\/p><p><\/p><ul class=\"wp-block-list\"><li style=\"list-style-type: none;\"><ul class=\"wp-block-list\"><li><strong>\u10e0\u10d4\u10df\u10d8\u10e1\u10dd\u10e0\u10d8:<\/strong> MAKSYM SHPITALNYI<\/li><\/ul><\/li><\/ul><p><\/p><p><\/p><ul class=\"wp-block-list\"><li style=\"list-style-type: none;\"><ul class=\"wp-block-list\"><li><strong>\u10d8\u10e3\u10e0\u10d8\u10d3\u10d8\u10e3\u10da\u10d8 \u10db\u10d8\u10e1\u10d0\u10db\u10d0\u10e0\u10d7\u10d8:<\/strong> ul. Stanis\u0142awa Leszczy\u0144skiego 4\/29, 50-078 Wroc\u0142aw, Poland<\/li><\/ul><\/li><\/ul><p><\/p><p><strong>\u10d1\u10d0\u10dc\u10d9\u10d8\u10e1 \u10db\u10dd\u10dc\u10d0\u10ea\u10d4\u10db\u10d4\u10d1\u10d8:<\/strong><\/p><p><\/p><p><\/p><p><\/p><p><\/p><p><\/p><p><\/p><p><\/p><p><\/p><p><\/p><p><\/p><p><\/p><p><\/p><ul class=\"wp-block-list\"><li style=\"list-style-type: none;\"><ul class=\"wp-block-list\"><li><strong>\u10d1\u10d4\u10dc\u10d4\u10e4\u10d8\u10ea\u10d8\u10d0\u10e0\u10d8 \u10d1\u10d0\u10dc\u10d9\u10d8:<\/strong> Santander Bank Polska S.A.<\/li><\/ul><\/li><\/ul><p><\/p><p><\/p><ul class=\"wp-block-list\"><li style=\"list-style-type: none;\"><ul class=\"wp-block-list\"><li><strong>\u10e1\u10d0\u10e0\u10d2\u10d4\u10d1\u10da\u10dd\u10d1\u10d8\u10e1 \u10e3\u10e4\u10da\u10d4\u10d1\u10d8\u10e1 \u10db\u10e5\u10dd\u10dc\u10d4 \u10de\u10d8\u10e0\u10d8\u10e1 \u10e1\u10d0\u10ee\u10d4\u10da\u10d8:<\/strong> 100 PLUS PL SP. Z O.O.<\/li><\/ul><\/li><\/ul><p><\/p><p><\/p><ul class=\"wp-block-list\"><li style=\"list-style-type: none;\"><ul class=\"wp-block-list\"><li><strong>\u10d0\u10dc\u10d2\u10d0\u10e0\u10d8\u10e8\u10d8\u10e1 \u10dc\u10dd\u10db\u10d4\u10e0\u10d8 (IBAN):<\/strong> PL 05 1090 2835 0000 0001 5931 7402<\/li><\/ul><\/li><\/ul><p><\/p>\t\t\t\t\t\t\t\t<\/div>\n\t\t\t\t<\/div>\n\t\t<div class=\"elementor-element elementor-element-789122a e-con-full e-flex e-con e-child\" data-id=\"789122a\" data-element_type=\"container\">\n\t\t\t\t<div class=\"elementor-element elementor-element-775ddc4 wd-width-100 elementor-widget elementor-widget-wd_title\" data-id=\"775ddc4\" data-element_type=\"widget\" data-widget_type=\"wd_title.default\">\n\t\t\t\t<div class=\"elementor-widget-container\">\n\t\t\t\t\t\t\t<div class=\"title-wrapper wd-set-mb reset-last-child wd-title-color-default wd-title-style-default wd-title-size-default text-left\">\n\n\t\t\t\t\t\t\t\t\t\t\t<div class=\"title-subtitle subtitle-color-default subtitle-style-default wd-fontsize-xs\">\n\t\t\t\t\t\u10e8\u10d4\u10d0\u10d5\u10e1\u10d4\u10d7 \u10e5\u10d5\u10d4\u10db\u10dd\u10d7 \u10db\u10dd\u10ea\u10d4\u10db\u10e3\u10da\u10d8 \u10e4\u10dd\u10e0\u10db\u10d0\t\t\t\t<\/div>\n\t\t\t\n\t\t\t<div class=\"liner-continer\">\n\t\t\t\t<h4 class=\"woodmart-title-container title wd-fontsize-l\">\u10dc\u10d4\u10d1\u10d8\u10e1\u10db\u10d8\u10d4\u10e0\u10d8 \u10e8\u10d4\u10d9\u10d8\u10d7\u10ee\u10d5\u10d8\u10e1\u10d7\u10d5\u10d8\u10e1 \u10d3\u10d0\u10d2\u10d5\u10d8\u10d9\u10d0\u10d5\u10e8\u10d8\u10e0\u10d3\u10d8\u10d7<\/h4> \n\t\t\t\t\t\t\t<\/div>\n\n\t\t\t\t\t<\/div>\n\t\t\t\t\t\t<\/div>\n\t\t\t\t<\/div>\n\t\t\t\t<div class=\"elementor-element elementor-element-3c67846 wd-cf7 elementor-widget elementor-widget-wd_contact_form_7\" data-id=\"3c67846\" data-element_type=\"widget\" data-widget_type=\"wd_contact_form_7.default\">\n\t\t\t\t<div class=\"elementor-widget-container\">\n\t\t\t\t\t\n<div class=\"wpcf7 no-js\" id=\"wpcf7-f1572-o1\" lang=\"en-US\" dir=\"ltr\" data-wpcf7-id=\"1572\">\n<div class=\"screen-reader-response\"><p role=\"status\" aria-live=\"polite\" aria-atomic=\"true\"><\/p> <ul><\/ul><\/div>\n<form action=\"\/ka\/wp-json\/wp\/v2\/pages\/4439#wpcf7-f1572-o1\" method=\"post\" class=\"wpcf7-form init\" aria-label=\"Contact form\" novalidate=\"novalidate\" data-status=\"init\" data-trp-original-action=\"\/ka\/wp-json\/wp\/v2\/pages\/4439#wpcf7-f1572-o1\">\n<fieldset class=\"hidden-fields-container\"><input type=\"hidden\" name=\"_wpcf7\" value=\"1572\" \/><input type=\"hidden\" name=\"_wpcf7_version\" value=\"6.1.4\" \/><input type=\"hidden\" name=\"_wpcf7_locale\" value=\"en_US\" \/><input type=\"hidden\" name=\"_wpcf7_unit_tag\" value=\"wpcf7-f1572-o1\" \/><input type=\"hidden\" name=\"_wpcf7_container_post\" value=\"0\" \/><input type=\"hidden\" name=\"_wpcf7_posted_data_hash\" value=\"\" \/>\n<\/fieldset>\n<div class=\"wd-grid-g\">\n\t<div class=\"wd-grid-f-stretch\">\n\t\t<div class=\"wd-col\">\n\t\t\t<p><label>\u10d7\u10e5\u10d5\u10d4\u10dc\u10d8 \u10e1\u10d0\u10ee\u10d4\u10da\u10d8<\/label><span class=\"wpcf7-form-control-wrap\" data-name=\"your-name\"><input size=\"40\" maxlength=\"400\" class=\"wpcf7-form-control wpcf7-text wpcf7-validates-as-required\" aria-required=\"true\" aria-invalid=\"false\" value=\"\" type=\"text\" name=\"your-name\" \/><\/span>\n\t\t\t<\/p>\n\t\t<\/div>\n\t\t<div class=\"wd-col\">\n\t\t\t<p><label>\u10e1\u10d0\u10e2\u10d4\u10da\u10d4\u10e4\u10dd\u10dc\u10dd \u10dc\u10dd\u10db\u10d4\u10e0\u10d8<\/label><span class=\"wpcf7-form-control-wrap\" data-name=\"tel-767\"><input size=\"40\" maxlength=\"400\" class=\"wpcf7-form-control wpcf7-tel wpcf7-text wpcf7-validates-as-tel\" aria-invalid=\"false\" value=\"\" type=\"tel\" name=\"tel-767\" \/><\/span>\n\t\t\t<\/p>\n\t\t<\/div>\n\t<\/div>\n\t<div class=\"wd-grid-f-stretch\">\n\t\t<div class=\"wd-col\">\n\t\t\t<p><label>\u10d7\u10e5\u10d5\u10d4\u10dc\u10d8 \u10d4\u10da\u10e4\u10dd\u10e1\u10e2\u10d0<\/label><span class=\"wpcf7-form-control-wrap\" data-name=\"your-email\"><input size=\"40\" maxlength=\"400\" class=\"wpcf7-form-control wpcf7-email wpcf7-validates-as-required wpcf7-text wpcf7-validates-as-email\" aria-required=\"true\" aria-invalid=\"false\" value=\"\" type=\"email\" name=\"your-email\" \/><\/span>\n\t\t\t<\/p>\n\t\t<\/div>\n\t<\/div>\n\t<div>\n\t\t<p><label>\u10d7\u10e5\u10d5\u10d4\u10dc\u10d8 \u10e8\u10d4\u10e2\u10e7\u10dd\u10d1\u10d8\u10dc\u10d4\u10d1\u10d0<\/label><span class=\"wpcf7-form-control-wrap\" data-name=\"your-message\"><textarea cols=\"40\" rows=\"10\" maxlength=\"2000\" class=\"wpcf7-form-control wpcf7-textarea\" aria-invalid=\"false\" name=\"your-message\"><\/textarea><\/span>\n\t\t<\/p>\n\t<\/div>\n\t<div>\n\t\t<p><input class=\"wpcf7-form-control wpcf7-submit has-spinner btn-color-black\" type=\"submit\" value=\"\u10d3\u10d0\u10e1\u10d5\u10d8\u10d7 \u10d9\u10d8\u10d7\u10ee\u10d5\u10d0\" \/>\n\t\t<\/p>\n\t<\/div>\n<\/div><div class=\"wpcf7-response-output\" aria-hidden=\"true\"><\/div>\n<input type=\"hidden\" name=\"trp-form-language\" value=\"ka\"\/><\/form>\n<\/div>\n\t\t\t\t<\/div>\n\t\t\t\t<\/div>\n\t\t\t\t<\/div>\n\t\t\t\t\t<\/div>\n\t\t\t\t<\/div>\n\t\t\t\t<\/div>","protected":false},"excerpt":{"rendered":"<p>COMPANY INFORMATION 100 PLUS PL SP\u00d3\u0141KA Z OGRANICZON\u0104 ODPOWIEDZIALNO\u015aCI\u0104 Adres siedziby: ul. Stanis\u0142awa Leszczy\u0144skiego 4\/29, 50-078 Wroc\u0142aw NIP: 6282297266 |<\/p>","protected":false},"author":1,"featured_media":0,"parent":0,"menu_order":0,"comment_status":"closed","ping_status":"closed","template":"","meta":{"footnotes":""},"class_list":["post-4439","page","type-page","status-publish","hentry"],"_links":{"self":[{"href":"https:\/\/pl.masterplusglobal.com\/ka\/wp-json\/wp\/v2\/pages\/4439","targetHints":{"allow":["GET"]}}],"collection":[{"href":"https:\/\/pl.masterplusglobal.com\/ka\/wp-json\/wp\/v2\/pages"}],"about":[{"href":"https:\/\/pl.masterplusglobal.com\/ka\/wp-json\/wp\/v2\/types\/page"}],"author":[{"embeddable":true,"href":"https:\/\/pl.masterplusglobal.com\/ka\/wp-json\/wp\/v2\/users\/1"}],"replies":[{"embeddable":true,"href":"https:\/\/pl.masterplusglobal.com\/ka\/wp-json\/wp\/v2\/comments?post=4439"}],"version-history":[{"count":9,"href":"https:\/\/pl.masterplusglobal.com\/ka\/wp-json\/wp\/v2\/pages\/4439\/revisions"}],"predecessor-version":[{"id":29570,"href":"https:\/\/pl.masterplusglobal.com\/ka\/wp-json\/wp\/v2\/pages\/4439\/revisions\/29570"}],"wp:attachment":[{"href":"https:\/\/pl.masterplusglobal.com\/ka\/wp-json\/wp\/v2\/media?parent=4439"}],"curies":[{"name":"\u10d5\u10dd\u10e0\u10d3\u10de\u10e0\u10d4\u10e1\u10d8","href":"https:\/\/api.w.org\/{rel}","templated":true}]}}